{"id":259,"date":"2021-11-05T03:56:40","date_gmt":"2021-11-05T03:56:40","guid":{"rendered":"https:\/\/shtheme.org\/demosd\/mcgill\/?page_id=259"},"modified":"2022-04-10T00:07:47","modified_gmt":"2022-04-10T03:07:47","slug":"about-dark-sidebar","status":"publish","type":"page","link":"https:\/\/demo.carvalhoeximenesadvogados.com\/?page_id=259","title":{"rendered":"O Escrit\u00f3rio"},"content":{"rendered":"\t\t<div data-elementor-type=\"wp-page\" data-elementor-id=\"259\" class=\"elementor elementor-259\">\n\t\t\t\t\t\t<section class=\"elementor-section elementor-top-section elementor-element elementor-element-22a2d41 elementor-section-full_width elementor-section-height-default elementor-section-height-default\" data-id=\"22a2d41\" data-element_type=\"section\" data-e-type=\"section\">\n\t\t\t\t\t\t<div class=\"elementor-container elementor-column-gap-no\">\n\t\t\t\t\t<div class=\"elementor-column elementor-col-100 elementor-top-column elementor-element elementor-element-efbd445\" data-id=\"efbd445\" data-element_type=\"column\" data-e-type=\"column\">\n\t\t\t<div class=\"elementor-widget-wrap\">\n\t\t\t\t\t\t\t<\/div>\n\t\t<\/div>\n\t\t\t\t\t<\/div>\n\t\t<\/section>\n\t\t\t\t<section class=\"elementor-section elementor-top-section elementor-element elementor-element-e134996 elementor-section-full_width elementor-section-height-default elementor-section-height-default\" data-id=\"e134996\" data-element_type=\"section\" data-e-type=\"section\">\n\t\t\t\t\t\t<div class=\"elementor-container elementor-column-gap-no\">\n\t\t\t\t\t<div class=\"elementor-column elementor-col-100 elementor-top-column elementor-element elementor-element-5f4c22d\" data-id=\"5f4c22d\" data-element_type=\"column\" data-e-type=\"column\">\n\t\t\t<div class=\"elementor-widget-wrap elementor-element-populated\">\n\t\t\t\t\t\t<div class=\"elementor-element elementor-element-a5d9d43 elementor-align-center elementor-widget elementor-widget-bdevs-team\" data-id=\"a5d9d43\" data-element_type=\"widget\" data-e-type=\"widget\" data-widget_type=\"bdevs-team.default\">\n\t\t\t\t<div class=\"elementor-widget-container\">\n\t\t\t\t\t\t\t<div class=\"mcgill-team back-gray team\">\r\n            <div class=\"container-fluid\">\r\n                <div class=\"row\">\r\n                    <div class=\"col-md-12 mb-30 animate-box\" data-animate-effect=\"fadeInLeft\"> \r\n                    \t<span class=\"heading-meta\">Nossos Especialistas<\/span>\r\n                        <h2 class=\"mcgill-heading\">Conhe\u00e7a nossos advogados<\/h2>\r\n                    <\/div>\r\n                <\/div>\r\n                <div class=\"row\">\r\n                \t                    <div class=\"col-md-4\">\r\n                        <div class=\"item\">\r\n                            <div class=\"img\"><img decoding=\"async\" src=\"http:\/\/demo.carvalhoeximenesadvogados.com\/wp-content\/uploads\/2022\/04\/Design-sem-nome-1.png\" alt=\"\"><\/div>\r\n                            <div class=\"info\">\r\n                                <h5>Marco Carvalho<\/h5>\r\n                                <h6>Advogado <\/h6>\r\n                                <div class=\"social valign\">\r\n                                    <div class=\"full-width\"> \r\n                                    \t<a href=\"\"><i class=\"fab fa-facebook-f\"><\/i><\/a> \r\n                                    \t<a href=\"\"><i class=\"fab fa-twitter\"><\/i><\/a> \r\n                                    \t<a href=\"\"><i class=\"fab fa-linkedin-in\"><\/i><\/a>\r\n                                        <p><\/p>\r\n                                    <\/div>\r\n                                <\/div>\r\n                            <\/div>\r\n                        <\/div>\r\n                    <\/div>\r\n                                        <div class=\"col-md-4\">\r\n                        <div class=\"item\">\r\n                            <div class=\"img\"><img decoding=\"async\" src=\"https:\/\/shtheme.org\/demosd\/mcgill\/wp-content\/uploads\/2021\/11\/6.jpg\" alt=\"\"><\/div>\r\n                            <div class=\"info\">\r\n                                <h5>Julie <\/h5>\r\n                                <h6><\/h6>\r\n                                <div class=\"social valign\">\r\n                                    <div class=\"full-width\"> \r\n                                    \t<a href=\"\"><i class=\"fab fa-facebook-f\"><\/i><\/a> \r\n                                    \t<a href=\"\"><i class=\"fab fa-twitter\"><\/i><\/a> \r\n                                    \t<a href=\"\"><i class=\"fab fa-linkedin-in\"><\/i><\/a>\r\n                                        <p><\/p>\r\n                                    <\/div>\r\n                                <\/div>\r\n                            <\/div>\r\n                        <\/div>\r\n                    <\/div>\r\n                                    <\/div>\r\n            <\/div>\r\n        <\/div>\r\n\t\t\t\t\t<\/div>\n\t\t\t\t<\/div>\n\t\t\t\t<div class=\"elementor-element elementor-element-eee1e04 elementor-align-left elementor-widget elementor-widget-bdevs-about\" data-id=\"eee1e04\" data-element_type=\"widget\" data-e-type=\"widget\" data-widget_type=\"bdevs-about.default\">\n\t\t\t\t<div class=\"elementor-widget-container\">\n\t\t\t\t\t\t\t<div class=\"mcgill-about\">\r\n            <div class=\"container-fluid\">\r\n                <div class=\"row\">\r\n                    <div class=\"col-md-12 mb-30 animate-box\" data-animate-effect=\"fadeInLeft\"> \r\n                        <span class=\"heading-meta\">N\u00f3s somos \u00fanicos<\/span>\r\n                        <h2 class=\"mcgill-heading\">Porque escolher-nos ?<\/h2>\r\n                    <\/div>\r\n                <\/div>\r\n                <div class=\"row\">\r\n                    <div class=\"col-md-5 animate-box\" data-animate-effect=\"fadeInLeft\"> \r\n                        <img decoding=\"async\" src=\"https:\/\/shtheme.org\/demosd\/mcgill\/wp-content\/uploads\/2021\/11\/about.jpg\" class=\"img-fluid mb-30\" alt=\"\"> \r\n                    <\/div>\r\n                    <div class=\"col-md-7 animate-box\" data-animate-effect=\"fadeInLeft\">\r\n                        <p>Estabelecido no centro da Cidade de Nova Igua\u00e7u , nosso Escrit\u00f3rio temos como princ\u00edpios b\u00e1sicos de trabalho a \u00e9tica, a transpar\u00eancia e a combatividade no exerc\u00edcio da advocacia, buscando trazer aos nossos clientes da forma mais c\u00e9lere o poss\u00edvel uma presta\u00e7\u00e3o jurisdicional satisfat\u00f3ria, sempre pautando-se nos preceitos Constitucionais e nos ditames estabelecidos pela Ordem dos Advogados do Brasil.<br \/><br \/>Nessa linha, buscamos, em tempos dif\u00edceis onde o punitivismo exacerbado toma conta do meio social, solu\u00e7\u00f5es pr\u00e1ticas e pautadas no humanismo, em defesa daqueles que notadamente s\u00e3o vulner\u00e1veis em face ao Estado, tendo como compromisso o constante aprimoramento de nossos profissionais com fins \u00e0 presta\u00e7\u00e3o do melhor servi\u00e7o.<\/p>                                                <p class=\"text-left\"><img decoding=\"async\" src=\"\" class=\"signature\" alt=\"\"><\/p>\r\n                        <h2 class=\"mcgill-about-heading\"><br \/>\r\n                        \t<span><\/span>\r\n                        <\/h2>\r\n                    \t                    <\/div>\r\n                <\/div>\r\n            <\/div>\r\n        <\/div>\r\n\t\t\t\t\t<\/div>\n\t\t\t\t<\/div>\n\t\t\t\t\t<\/div>\n\t\t<\/div>\n\t\t\t\t\t<\/div>\n\t\t<\/section>\n\t\t\t\t<\/div>\n\t\t","protected":false},"excerpt":{"rendered":"<p>Nossos Especialistas Conhe\u00e7a nossos advogados Marco Carvalho Advogado Julie N\u00f3s somos \u00fanicos Porque escolher-nos ? Estabelecido no centro da Cidade de Nova Igua\u00e7u , nosso Escrit\u00f3rio temos como princ\u00edpios b\u00e1sicos de trabalho a \u00e9tica, a transpar\u00eancia e a combatividade no exerc\u00edcio da advocacia, buscando trazer aos nossos clientes da forma mais c\u00e9lere o poss\u00edvel uma [&hellip;]<\/p>\n","protected":false},"author":1,"featured_media":0,"parent":0,"menu_order":0,"comment_status":"closed","ping_status":"closed","template":"page-templates\/page-darksidebar.php","meta":{"_monsterinsights_skip_tracking":false,"_monsterinsights_sitenote_active":false,"_monsterinsights_sitenote_note":"","_monsterinsights_sitenote_category":0,"footnotes":""},"class_list":["post-259","page","type-page","status-publish","hentry"],"aioseo_notices":[],"_links":{"self":[{"href":"https:\/\/demo.carvalhoeximenesadvogados.com\/index.php?rest_route=\/wp\/v2\/pages\/259","targetHints":{"allow":["GET"]}}],"collection":[{"href":"https:\/\/demo.carvalhoeximenesadvogados.com\/index.php?rest_route=\/wp\/v2\/pages"}],"about":[{"href":"https:\/\/demo.carvalhoeximenesadvogados.com\/index.php?rest_route=\/wp\/v2\/types\/page"}],"author":[{"embeddable":true,"href":"https:\/\/demo.carvalhoeximenesadvogados.com\/index.php?rest_route=\/wp\/v2\/users\/1"}],"replies":[{"embeddable":true,"href":"https:\/\/demo.carvalhoeximenesadvogados.com\/index.php?rest_route=%2Fwp%2Fv2%2Fcomments&post=259"}],"version-history":[{"count":45,"href":"https:\/\/demo.carvalhoeximenesadvogados.com\/index.php?rest_route=\/wp\/v2\/pages\/259\/revisions"}],"predecessor-version":[{"id":556,"href":"https:\/\/demo.carvalhoeximenesadvogados.com\/index.php?rest_route=\/wp\/v2\/pages\/259\/revisions\/556"}],"wp:attachment":[{"href":"https:\/\/demo.carvalhoeximenesadvogados.com\/index.php?rest_route=%2Fwp%2Fv2%2Fmedia&parent=259"}],"curies":[{"name":"wp","href":"https:\/\/api.w.org\/{rel}","templated":true}]}}