{"id":261,"date":"2021-11-05T04:29:14","date_gmt":"2021-11-05T04:29:14","guid":{"rendered":"https:\/\/shtheme.org\/demosd\/mcgill\/?page_id=261"},"modified":"2022-04-11T15:46:19","modified_gmt":"2022-04-11T18:46:19","slug":"contact-dark-sidebar","status":"publish","type":"page","link":"https:\/\/demo.carvalhoeximenesadvogados.com\/?page_id=261","title":{"rendered":"Fale Conosco"},"content":{"rendered":"\t\t<div data-elementor-type=\"wp-page\" data-elementor-id=\"261\" class=\"elementor elementor-261\">\n\t\t\t\t\t\t<section class=\"elementor-section elementor-top-section elementor-element elementor-element-6ed9cf8 elementor-section-full_width elementor-section-height-default elementor-section-height-default\" data-id=\"6ed9cf8\" data-element_type=\"section\" data-e-type=\"section\">\n\t\t\t\t\t\t<div class=\"elementor-container elementor-column-gap-no\">\n\t\t\t\t\t<div class=\"elementor-column elementor-col-100 elementor-top-column elementor-element elementor-element-d32af34\" data-id=\"d32af34\" data-element_type=\"column\" data-e-type=\"column\">\n\t\t\t<div class=\"elementor-widget-wrap elementor-element-populated\">\n\t\t\t\t\t\t<div class=\"elementor-element elementor-element-c534ecf elementor-align-left elementor-widget elementor-widget-bdevs-contact\" data-id=\"c534ecf\" data-element_type=\"widget\" data-e-type=\"widget\" data-widget_type=\"bdevs-contact.default\">\n\t\t\t\t<div class=\"elementor-widget-container\">\n\t\t\t\t\t\t\t<div class=\"mcgill-contact\">\r\n\t        <div class=\"container-fluid\">\r\n\t            <div class=\"row\">\r\n\t                <div class=\"col-md-12 mb-40 animate-box\" data-animate-effect=\"fadeInLeft\"> \r\n\t                \t<span class=\"heading-meta\">Fale conosco<\/span>\r\n\t                    <h2 class=\"mcgill-heading\">Onde Estamos?<\/h2>\r\n\t                <\/div>\r\n\t            <\/div>\r\n\t            <!-- Map Section-->\r\n\t            <div class=\"map-section animate-box\" data-animate-effect=\"fadeInLeft\">\r\n\t                <div class=\"row\">\r\n\t                    <div class=\"col-md-12\">\r\n\t                        <iframe src=\"https:\/\/www.google.com\/maps\/embed?pb=!1m14!1m8!1m3!1d1125.917298481648!2d-43.45293594460199!3d-22.75397164079082!3m2!1i1024!2i768!4f13.1!3m3!1m2!1s0x9967a85ce5b20f%3A0x2a6eccf4cd62ff92!2sR.%20Athaide%20Pimenta%20de%20Morais%2C%20776%20-%20Centro%2C%20Nova%20Igua%C3%A7u%20-%20RJ%2C%2026210-190%2C%20Brasil!5e0!3m2!1spt-BR!2sus!4v1649519599102!5m2!1spt-BR!2sus\" width=\"800\" height=\"600\" style=\"border:0;\" allowfullscreen=\"\" loading=\"lazy\" referrerpolicy=\"no-referrer-when-downgrade\"&gt;\" width=\"100%\" height=\"540\" style=\"border:0;\" allowfullscreen=\"\" loading=\"lazy\"><\/iframe>\r\n\t                    <\/div>\r\n\t                <\/div>\r\n\t            <\/div>\r\n\t            <div class=\"row\">\r\n\t                <!-- Contact Info -->\r\n\t                <div class=\"col-md-5 mb-30 animate-box\" data-animate-effect=\"fadeInLeft\">\r\n\t                \t\t                    <div class=\"mcgill-contact-info2\">\r\n\t                        <div class=\"feat-inner2\"> <span class=\"icon fi flaticon-support\"><\/span>\r\n\t                            <div class=\"feat-info2\">\r\n\t                                <h5>Telefone<\/h5>\r\n\t                                <h6>(21) 98018-7571<\/h6> <\/div>\r\n\t                        <\/div>\r\n\t                    <\/div>\r\n\t                \t\t                    <div class=\"mcgill-contact-info2\">\r\n\t                        <div class=\"feat-inner2\"> <span class=\"icon fi flaticon-home-3\"><\/span>\r\n\t                            <div class=\"feat-info2\">\r\n\t                                <h5>Escrit\u00f3rio <\/h5>\r\n\t                                <h6>R. Athaide Pimenta de Morais, 776 - 201 - Centro, Nova Igua\u00e7u - RJ, 26210-190<\/h6> <\/div>\r\n\t                        <\/div>\r\n\t                    <\/div>\r\n\t                \t\t                    <div class=\"mcgill-contact-info2\">\r\n\t                        <div class=\"feat-inner2\"> <span class=\"icon fi flaticon-email\"><\/span>\r\n\t                            <div class=\"feat-info2\">\r\n\t                                <h5>E-Mail<\/h5>\r\n\t                                <h6>mscarvalhoadvogadosassociados@gmail.com<\/h6> <\/div>\r\n\t                        <\/div>\r\n\t                    <\/div>\r\n\t                \t\t                    <div class=\"mcgill-contact-info2\">\r\n\t                        <div class=\"feat-inner2\"> <span class=\"icon fi flaticon-clock\"><\/span>\r\n\t                            <div class=\"feat-info2\">\r\n\t                                <h5>Hor\u00e1rio<\/h5>\r\n\t                                <h6>Seg-Sex: 09.00 - 18.00<\/h6> <\/div>\r\n\t                        <\/div>\r\n\t                    <\/div>\r\n\t                \t\t                <\/div>\r\n\t                <!-- Contact Form -->\r\n\t                <div class=\"col-md-7 animate-box\" data-animate-effect=\"fadeInLeft\">\r\n\t                    <h4>N\u00e3o hesite em perguntar<\/h4>\r\n\t                    <p>A lei \u00e9 um assunto complicado. Isso pode causar um grande problema se voc\u00ea ignor\u00e1-lo. Deixe-nos ajud\u00e1-lo!<\/p>\r\n\t                    <div class=\"wpforms-container wpforms-container-full\" id=\"wpforms-588\"><form id=\"wpforms-form-588\" class=\"wpforms-validate wpforms-form wpforms-ajax-form\" data-formid=\"588\" method=\"post\" enctype=\"multipart\/form-data\" action=\"\/index.php?rest_route=%2Fwp%2Fv2%2Fpages%2F261\" data-token=\"ca12af75013ad2a88eb27c2c10c2a4eb\" data-token-time=\"1776542026\"><noscript class=\"wpforms-error-noscript\">Ative o JavaScript no seu navegador para preencher este formul\u00e1rio.<\/noscript><div class=\"wpforms-field-container\"><div id=\"wpforms-588-field_0-container\" class=\"wpforms-field wpforms-field-name\" data-field-id=\"0\"><label class=\"wpforms-field-label\" for=\"wpforms-588-field_0\">Nome <span class=\"wpforms-required-label\">*<\/span><\/label><input type=\"text\" id=\"wpforms-588-field_0\" class=\"wpforms-field-medium wpforms-field-required\" name=\"wpforms[fields][0]\" required><\/div><div id=\"wpforms-588-field_1-container\" class=\"wpforms-field wpforms-field-email\" data-field-id=\"1\"><label class=\"wpforms-field-label\" for=\"wpforms-588-field_1\">Email <span class=\"wpforms-required-label\">*<\/span><\/label><input type=\"email\" id=\"wpforms-588-field_1\" class=\"wpforms-field-medium wpforms-field-required\" name=\"wpforms[fields][1]\" spellcheck=\"false\" required><\/div><div id=\"wpforms-588-field_7-container\" class=\"wpforms-field wpforms-field-textarea\" data-field-id=\"7\"><label class=\"wpforms-field-label\" for=\"wpforms-588-field_7\">Mensagem <span class=\"wpforms-required-label\">*<\/span><\/label><textarea id=\"wpforms-588-field_7\" class=\"wpforms-field-medium wpforms-field-required\" name=\"wpforms[fields][7]\" required><\/textarea><\/div><\/div><!-- .wpforms-field-container --><div class=\"wpforms-submit-container\" ><input type=\"hidden\" name=\"wpforms[id]\" value=\"588\"><input type=\"hidden\" name=\"page_title\" value=\"\"><input type=\"hidden\" name=\"page_url\" value=\"https:\/\/demo.carvalhoeximenesadvogados.com\/index.php?rest_route=\/wp\/v2\/pages\/261\"><input type=\"hidden\" name=\"url_referer\" value=\"\"><button type=\"submit\" name=\"wpforms[submit]\" id=\"wpforms-submit-588\" class=\"wpforms-submit\" data-alt-text=\"Enviando...\" data-submit-text=\"Enviar\" aria-live=\"assertive\" value=\"wpforms-submit\">Enviar<\/button><img decoding=\"async\" src=\"https:\/\/demo.carvalhoeximenesadvogados.com\/wp-content\/plugins\/wpforms-lite\/assets\/images\/submit-spin.svg\" class=\"wpforms-submit-spinner\" style=\"display: none;\" width=\"26\" height=\"26\" alt=\"Carregando\"><\/div><\/form><\/div>  <!-- .wpforms-container -->\t                <\/div>\r\n\t            <\/div>\r\n\t        <\/div>\r\n\t    <\/div>\r\n\t\t\t\t\t<\/div>\n\t\t\t\t<\/div>\n\t\t\t\t\t<\/div>\n\t\t<\/div>\n\t\t\t\t\t<\/div>\n\t\t<\/section>\n\t\t\t\t<\/div>\n\t\t","protected":false},"excerpt":{"rendered":"<p>Fale conosco Onde Estamos?<\/p>\n","protected":false},"author":1,"featured_media":0,"parent":0,"menu_order":0,"comment_status":"closed","ping_status":"closed","template":"page-templates\/page-darksidebar.php","meta":{"_monsterinsights_skip_tracking":false,"_monsterinsights_sitenote_active":false,"_monsterinsights_sitenote_note":"","_monsterinsights_sitenote_category":0,"footnotes":""},"class_list":["post-261","page","type-page","status-publish","hentry"],"aioseo_notices":[],"_links":{"self":[{"href":"https:\/\/demo.carvalhoeximenesadvogados.com\/index.php?rest_route=\/wp\/v2\/pages\/261","targetHints":{"allow":["GET"]}}],"collection":[{"href":"https:\/\/demo.carvalhoeximenesadvogados.com\/index.php?rest_route=\/wp\/v2\/pages"}],"about":[{"href":"https:\/\/demo.carvalhoeximenesadvogados.com\/index.php?rest_route=\/wp\/v2\/types\/page"}],"author":[{"embeddable":true,"href":"https:\/\/demo.carvalhoeximenesadvogados.com\/index.php?rest_route=\/wp\/v2\/users\/1"}],"replies":[{"embeddable":true,"href":"https:\/\/demo.carvalhoeximenesadvogados.com\/index.php?rest_route=%2Fwp%2Fv2%2Fcomments&post=261"}],"version-history":[{"count":40,"href":"https:\/\/demo.carvalhoeximenesadvogados.com\/index.php?rest_route=\/wp\/v2\/pages\/261\/revisions"}],"predecessor-version":[{"id":607,"href":"https:\/\/demo.carvalhoeximenesadvogados.com\/index.php?rest_route=\/wp\/v2\/pages\/261\/revisions\/607"}],"wp:attachment":[{"href":"https:\/\/demo.carvalhoeximenesadvogados.com\/index.php?rest_route=%2Fwp%2Fv2%2Fmedia&parent=261"}],"curies":[{"name":"wp","href":"https:\/\/api.w.org\/{rel}","templated":true}]}}