{"id":263,"date":"2021-11-05T03:11:16","date_gmt":"2021-11-05T03:11:16","guid":{"rendered":"https:\/\/shtheme.org\/demosd\/mcgill\/?page_id=263"},"modified":"2022-04-11T19:23:59","modified_gmt":"2022-04-11T22:23:59","slug":"home-dark-sidebar","status":"publish","type":"page","link":"https:\/\/demo.carvalhoeximenesadvogados.com\/","title":{"rendered":"In\u00edcio"},"content":{"rendered":"\t\t<div data-elementor-type=\"wp-page\" data-elementor-id=\"263\" class=\"elementor elementor-263\">\n\t\t\t\t\t\t<section class=\"elementor-section elementor-top-section elementor-element elementor-element-6b7d89a elementor-section-full_width elementor-section-height-default elementor-section-height-default\" data-id=\"6b7d89a\" data-element_type=\"section\" data-e-type=\"section\">\n\t\t\t\t\t\t<div class=\"elementor-container elementor-column-gap-no\">\n\t\t\t\t\t<div class=\"elementor-column elementor-col-100 elementor-top-column elementor-element elementor-element-94c6d99\" data-id=\"94c6d99\" data-element_type=\"column\" data-e-type=\"column\">\n\t\t\t<div class=\"elementor-widget-wrap elementor-element-populated\">\n\t\t\t\t\t\t<div class=\"elementor-element elementor-element-d36d845 elementor-align-left elementor-widget elementor-widget-bdevs-slider-one\" data-id=\"d36d845\" data-element_type=\"widget\" data-e-type=\"widget\" data-widget_type=\"bdevs-slider-one.default\">\n\t\t\t\t<div class=\"elementor-widget-container\">\n\t\t\t\t\t\t\t<aside id=\"mcgill-hero\" class=\"js-fullheight\">\r\n            <div class=\"flexslider js-fullheight\">\r\n                <ul class=\"slides\">\r\n                \t                    <li style=\"background-image: url(https:\/\/shtheme.org\/demosd\/mcgill\/wp-content\/uploads\/2021\/11\/1.jpg);\">\r\n                        <div class=\"overlay\"><\/div>\r\n                        <div class=\"container-fluid\">\r\n                            <div class=\"row\">\r\n                                <div class=\"col-md-12 js-fullheight slider-text\">\r\n                                    <div class=\"slider-text-inner\">\r\n                                        <div class=\"desc\">\r\n                                            <h1>Solu\u00e7\u00e3o jur\u00eddica confi\u00e1vel<\/h1>\r\n                                            <p>Somos um escrit\u00f3rio de advocacia pronto para ajudar nossos clientes<\/p>\r\n                                                                                        <div class=\"btn btn-contact\"><a href=\"https:\/\/demo.carvalhoeximenesadvogados.com\/?page_id=264\">\u00c1reas de atua\u00e7\u00e3o<\/a>\r\n                                            <\/div>\r\n                                        \t                                        <\/div>\r\n                                    <\/div>\r\n                                <\/div>\r\n                            <\/div>\r\n                        <\/div>\r\n                    <\/li>\r\n                                        <li style=\"background-image: url(http:\/\/demo.carvalhoeximenesadvogados.com\/wp-content\/uploads\/2022\/04\/Design-sem-nome.png);\">\r\n                        <div class=\"overlay\"><\/div>\r\n                        <div class=\"container-fluid\">\r\n                            <div class=\"row\">\r\n                                <div class=\"col-md-12 js-fullheight slider-text\">\r\n                                    <div class=\"slider-text-inner\">\r\n                                        <div class=\"desc\">\r\n                                            <h1>Confie em nossa experi\u00eancia<\/h1>\r\n                                            <p>Somos escrit\u00f3rio de advocacia. O direito \u00e0 vida \u00e9 importante.<\/p>\r\n                                                                                        <div class=\"btn btn-contact\"><a href=\"https:\/\/api.whatsapp.com\/send\/?phone=5521980187571&amp;text&amp;app_absent=0\">Fale com um Advogado<\/a>\r\n                                            <\/div>\r\n                                        \t                                        <\/div>\r\n                                    <\/div>\r\n                                <\/div>\r\n                            <\/div>\r\n                        <\/div>\r\n                    <\/li>\r\n                                    <\/ul>\r\n            <\/div>\r\n        <\/aside>\r\n\t\t\t\t\t<\/div>\n\t\t\t\t<\/div>\n\t\t\t\t\t<\/div>\n\t\t<\/div>\n\t\t\t\t\t<\/div>\n\t\t<\/section>\n\t\t\t\t<section class=\"elementor-section elementor-top-section elementor-element elementor-element-9423a66 elementor-section-full_width elementor-section-height-default elementor-section-height-default\" data-id=\"9423a66\" data-element_type=\"section\" data-e-type=\"section\">\n\t\t\t\t\t\t<div class=\"elementor-container elementor-column-gap-no\">\n\t\t\t\t\t<div class=\"elementor-column elementor-col-100 elementor-top-column elementor-element elementor-element-dfc1b30\" data-id=\"dfc1b30\" data-element_type=\"column\" data-e-type=\"column\">\n\t\t\t<div class=\"elementor-widget-wrap elementor-element-populated\">\n\t\t\t\t\t\t<div class=\"elementor-element elementor-element-1606dcb elementor-align-left elementor-widget elementor-widget-bdevs-services\" data-id=\"1606dcb\" data-element_type=\"widget\" data-e-type=\"widget\" data-widget_type=\"bdevs-services.default\">\n\t\t\t\t<div class=\"elementor-widget-container\">\n\t\t\t\t\t\t\t<div class=\"mcgill-cases back-gray\">\r\n            <div class=\"container-fluid\">\r\n                <div class=\"row\">\r\n                    <div class=\"col-md-12 mb-40 animate-box\" data-animate-effect=\"fadeInLeft\"> <span class=\"heading-meta\">\u00c1reas de Atua\u00e7\u00e3o<\/span>\r\n                        <h2 class=\"mcgill-heading\">Servi\u00e7os Jur\u00eddicos<\/h2>\r\n                    <\/div>\r\n                <\/div>\r\n                <div class=\"row\">\r\n                \t                    <div class=\"col-md-4 animate-box\" data-animate-effect=\"fadeInLeft\">\r\n                        <div class=\"mcgill-services-container\">\r\n                            <div class=\"mcgill-services-img-area\"><span class=\"fi flaticon-suitcase\"><\/span><\/div>\r\n                            <div class=\"mcgill-services-text-area\">\r\n                                <h4 class=\"mcgill-services-heading\">Trabalhista<\/h4>\r\n                                <p>Quisque nec iaculis nibh suspendisse the tempus orci enim maximus quis.<\/p>\r\n                            <\/div>\r\n                        <\/div>\r\n                    <\/div>\r\n                                        <div class=\"col-md-4 animate-box\" data-animate-effect=\"fadeInLeft\">\r\n                        <div class=\"mcgill-services-container\">\r\n                            <div class=\"mcgill-services-img-area\"><span class=\"fi flaticon-save-money\"><\/span><\/div>\r\n                            <div class=\"mcgill-services-text-area\">\r\n                                <h4 class=\"mcgill-services-heading\">Consumidor<\/h4>\r\n                                <p>Quisque nec iaculis nibh suspendisse the tempus orci enim maximus quis.<\/p>\r\n                            <\/div>\r\n                        <\/div>\r\n                    <\/div>\r\n                                        <div class=\"col-md-4 animate-box\" data-animate-effect=\"fadeInLeft\">\r\n                        <div class=\"mcgill-services-container\">\r\n                            <div class=\"mcgill-services-img-area\"><span class=\"fi flaticon-thief\"><\/span><\/div>\r\n                            <div class=\"mcgill-services-text-area\">\r\n                                <h4 class=\"mcgill-services-heading\">Criminal<\/h4>\r\n                                <p>Quisque nec iaculis nibh suspendisse the tempus orci enim maximus quis.<\/p>\r\n                            <\/div>\r\n                        <\/div>\r\n                    <\/div>\r\n                                        <div class=\"col-md-4 animate-box\" data-animate-effect=\"fadeInLeft\">\r\n                        <div class=\"mcgill-services-container\">\r\n                            <div class=\"mcgill-services-img-area\"><span class=\"fi flaticon-parents\"><\/span><\/div>\r\n                            <div class=\"mcgill-services-text-area\">\r\n                                <h4 class=\"mcgill-services-heading\">Fam\u00edlia<\/h4>\r\n                                <p>Quisque nec iaculis nibh suspendisse the tempus orci enim maximus quis.<\/p>\r\n                            <\/div>\r\n                        <\/div>\r\n                    <\/div>\r\n                                    <\/div>\r\n            <\/div>\r\n        <\/div>\r\n\t\t\t\t\t<\/div>\n\t\t\t\t<\/div>\n\t\t\t\t\t<\/div>\n\t\t<\/div>\n\t\t\t\t\t<\/div>\n\t\t<\/section>\n\t\t\t\t<section class=\"elementor-section elementor-top-section elementor-element elementor-element-5817d99 elementor-section-full_width elementor-section-height-default elementor-section-height-default\" data-id=\"5817d99\" data-element_type=\"section\" data-e-type=\"section\">\n\t\t\t\t\t\t<div class=\"elementor-container elementor-column-gap-no\">\n\t\t\t\t\t<div class=\"elementor-column elementor-col-100 elementor-top-column elementor-element elementor-element-d16a045\" data-id=\"d16a045\" data-element_type=\"column\" data-e-type=\"column\">\n\t\t\t<div class=\"elementor-widget-wrap elementor-element-populated\">\n\t\t\t\t\t\t<div class=\"elementor-element elementor-element-3b1fd56 elementor-align-left elementor-widget elementor-widget-bdevs-clients\" data-id=\"3b1fd56\" data-element_type=\"widget\" data-e-type=\"widget\" data-widget_type=\"bdevs-clients.default\">\n\t\t\t\t<div class=\"elementor-widget-container\">\n\t\t\t\t\t\t\t<div class=\"mcgill-clients clients\">\r\n            <div class=\"container-fluid\">\r\n                <div class=\"row\">\r\n                    <div class=\"col-md-12 owl-carousel owl-theme\">\r\n                    \t                        <div class=\"client-logo\">\r\n                            <a href=\"#\"><img decoding=\"async\" src=\"\" alt=\"\"><\/a>\r\n                        <\/div>\r\n                                                <div class=\"client-logo\">\r\n                            <a href=\"#\"><img decoding=\"async\" src=\"\" alt=\"\"><\/a>\r\n                        <\/div>\r\n                                                <div class=\"client-logo\">\r\n                            <a href=\"#\"><img decoding=\"async\" src=\"\" alt=\"\"><\/a>\r\n                        <\/div>\r\n                                                <div class=\"client-logo\">\r\n                            <a href=\"#\"><img decoding=\"async\" src=\"\" alt=\"\"><\/a>\r\n                        <\/div>\r\n                                                <div class=\"client-logo\">\r\n                            <a href=\"#\"><img decoding=\"async\" src=\"\" alt=\"\"><\/a>\r\n                        <\/div>\r\n                                            <\/div>\r\n                <\/div>\r\n            <\/div>\r\n        <\/div>\r\n\t\t\t\t\t<\/div>\n\t\t\t\t<\/div>\n\t\t\t\t\t<\/div>\n\t\t<\/div>\n\t\t\t\t\t<\/div>\n\t\t<\/section>\n\t\t\t\t<\/div>\n\t\t","protected":false},"excerpt":{"rendered":"<p>Solu\u00e7\u00e3o jur\u00eddica confi\u00e1vel Somos um escrit\u00f3rio de advocacia pronto para ajudar nossos clientes \u00c1reas de atua\u00e7\u00e3o Confie em nossa experi\u00eancia Somos escrit\u00f3rio de advocacia. O direito \u00e0 vida \u00e9 importante. Fale com um Advogado \u00c1reas de Atua\u00e7\u00e3o Servi\u00e7os Jur\u00eddicos Trabalhista Quisque nec iaculis nibh suspendisse the tempus orci enim maximus quis. Consumidor Quisque nec iaculis [&hellip;]<\/p>\n","protected":false},"author":1,"featured_media":0,"parent":0,"menu_order":0,"comment_status":"closed","ping_status":"closed","template":"page-templates\/page-darksidebar.php","meta":{"_monsterinsights_skip_tracking":false,"_monsterinsights_sitenote_active":false,"_monsterinsights_sitenote_note":"","_monsterinsights_sitenote_category":0,"footnotes":""},"class_list":["post-263","page","type-page","status-publish","hentry"],"aioseo_notices":[],"_links":{"self":[{"href":"https:\/\/demo.carvalhoeximenesadvogados.com\/index.php?rest_route=\/wp\/v2\/pages\/263","targetHints":{"allow":["GET"]}}],"collection":[{"href":"https:\/\/demo.carvalhoeximenesadvogados.com\/index.php?rest_route=\/wp\/v2\/pages"}],"about":[{"href":"https:\/\/demo.carvalhoeximenesadvogados.com\/index.php?rest_route=\/wp\/v2\/types\/page"}],"author":[{"embeddable":true,"href":"https:\/\/demo.carvalhoeximenesadvogados.com\/index.php?rest_route=\/wp\/v2\/users\/1"}],"replies":[{"embeddable":true,"href":"https:\/\/demo.carvalhoeximenesadvogados.com\/index.php?rest_route=%2Fwp%2Fv2%2Fcomments&post=263"}],"version-history":[{"count":66,"href":"https:\/\/demo.carvalhoeximenesadvogados.com\/index.php?rest_route=\/wp\/v2\/pages\/263\/revisions"}],"predecessor-version":[{"id":649,"href":"https:\/\/demo.carvalhoeximenesadvogados.com\/index.php?rest_route=\/wp\/v2\/pages\/263\/revisions\/649"}],"wp:attachment":[{"href":"https:\/\/demo.carvalhoeximenesadvogados.com\/index.php?rest_route=%2Fwp%2Fv2%2Fmedia&parent=263"}],"curies":[{"name":"wp","href":"https:\/\/api.w.org\/{rel}","templated":true}]}}