{"id":264,"date":"2021-11-05T03:57:58","date_gmt":"2021-11-05T03:57:58","guid":{"rendered":"https:\/\/shtheme.org\/demosd\/mcgill\/?page_id=264"},"modified":"2022-04-10T00:13:58","modified_gmt":"2022-04-10T03:13:58","slug":"services-dark-sidebar","status":"publish","type":"page","link":"https:\/\/demo.carvalhoeximenesadvogados.com\/?page_id=264","title":{"rendered":"Atua\u00e7\u00e3o"},"content":{"rendered":"\t\t<div data-elementor-type=\"wp-page\" data-elementor-id=\"264\" class=\"elementor elementor-264\">\n\t\t\t\t\t\t<section class=\"elementor-section elementor-top-section elementor-element elementor-element-5a0790c elementor-section-full_width elementor-section-height-default elementor-section-height-default\" data-id=\"5a0790c\" data-element_type=\"section\" data-e-type=\"section\">\n\t\t\t\t\t\t<div class=\"elementor-container elementor-column-gap-no\">\n\t\t\t\t\t<div class=\"elementor-column elementor-col-100 elementor-top-column elementor-element elementor-element-3d56718\" data-id=\"3d56718\" data-element_type=\"column\" data-e-type=\"column\">\n\t\t\t<div class=\"elementor-widget-wrap elementor-element-populated\">\n\t\t\t\t\t\t<div class=\"elementor-element elementor-element-f3d2f5f elementor-align-left elementor-widget elementor-widget-bdevs-services\" data-id=\"f3d2f5f\" data-element_type=\"widget\" data-e-type=\"widget\" data-widget_type=\"bdevs-services.default\">\n\t\t\t\t<div class=\"elementor-widget-container\">\n\t\t\t\t\t\t\t<div class=\"mcgill-cases back-gray\">\r\n            <div class=\"container-fluid\">\r\n                <div class=\"row\">\r\n                    <div class=\"col-md-12 mb-40 animate-box\" data-animate-effect=\"fadeInLeft\"> <span class=\"heading-meta\">\u00c1reas de atua\u00e7\u00e3o<\/span>\r\n                        <h2 class=\"mcgill-heading\">Servi\u00e7os Jur\u00eddicos<\/h2>\r\n                    <\/div>\r\n                <\/div>\r\n                <div class=\"row\">\r\n                \t                    <div class=\"col-md-4 animate-box\" data-animate-effect=\"fadeInLeft\">\r\n                        <div class=\"mcgill-services-container\">\r\n                            <div class=\"mcgill-services-img-area\"><span class=\"fi flaticon-suitcase\"><\/span><\/div>\r\n                            <div class=\"mcgill-services-text-area\">\r\n                                <h4 class=\"mcgill-services-heading\">Trabalhista<\/h4>\r\n                                <p>Quisque nec iaculis nibh suspendisse the tempus orci enim maximus quis.<\/p>\r\n                            <\/div>\r\n                        <\/div>\r\n                    <\/div>\r\n                                        <div class=\"col-md-4 animate-box\" data-animate-effect=\"fadeInLeft\">\r\n                        <div class=\"mcgill-services-container\">\r\n                            <div class=\"mcgill-services-img-area\"><span class=\"fi flaticon-save-money\"><\/span><\/div>\r\n                            <div class=\"mcgill-services-text-area\">\r\n                                <h4 class=\"mcgill-services-heading\">Consumidor<\/h4>\r\n                                <p>Quisque nec iaculis nibh suspendisse the tempus orci enim maximus quis.<\/p>\r\n                            <\/div>\r\n                        <\/div>\r\n                    <\/div>\r\n                                        <div class=\"col-md-4 animate-box\" data-animate-effect=\"fadeInLeft\">\r\n                        <div class=\"mcgill-services-container\">\r\n                            <div class=\"mcgill-services-img-area\"><span class=\"fi flaticon-thief\"><\/span><\/div>\r\n                            <div class=\"mcgill-services-text-area\">\r\n                                <h4 class=\"mcgill-services-heading\">Criminal<\/h4>\r\n                                <p>Quisque nec iaculis nibh suspendisse the tempus orci enim maximus quis.<\/p>\r\n                            <\/div>\r\n                        <\/div>\r\n                    <\/div>\r\n                                        <div class=\"col-md-4 animate-box\" data-animate-effect=\"fadeInLeft\">\r\n                        <div class=\"mcgill-services-container\">\r\n                            <div class=\"mcgill-services-img-area\"><span class=\"fi flaticon-parents\"><\/span><\/div>\r\n                            <div class=\"mcgill-services-text-area\">\r\n                                <h4 class=\"mcgill-services-heading\">Fam\u00edlia<\/h4>\r\n                                <p>Quisque nec iaculis nibh suspendisse the tempus orci enim maximus quis.<\/p>\r\n                            <\/div>\r\n                        <\/div>\r\n                    <\/div>\r\n                                    <\/div>\r\n            <\/div>\r\n        <\/div>\r\n\t\t\t\t\t<\/div>\n\t\t\t\t<\/div>\n\t\t\t\t\t<\/div>\n\t\t<\/div>\n\t\t\t\t\t<\/div>\n\t\t<\/section>\n\t\t\t\t<\/div>\n\t\t","protected":false},"excerpt":{"rendered":"<p>\u00c1reas de atua\u00e7\u00e3o Servi\u00e7os Jur\u00eddicos Trabalhista Quisque nec iaculis nibh suspendisse the tempus orci enim maximus quis. Consumidor Quisque nec iaculis nibh suspendisse the tempus orci enim maximus quis. Criminal Quisque nec iaculis nibh suspendisse the tempus orci enim maximus quis. Fam\u00edlia Quisque nec iaculis nibh suspendisse the tempus orci enim maximus quis.<\/p>\n","protected":false},"author":1,"featured_media":0,"parent":0,"menu_order":0,"comment_status":"closed","ping_status":"closed","template":"page-templates\/page-darksidebar.php","meta":{"_monsterinsights_skip_tracking":false,"_monsterinsights_sitenote_active":false,"_monsterinsights_sitenote_note":"","_monsterinsights_sitenote_category":0,"footnotes":""},"class_list":["post-264","page","type-page","status-publish","hentry"],"aioseo_notices":[],"_links":{"self":[{"href":"https:\/\/demo.carvalhoeximenesadvogados.com\/index.php?rest_route=\/wp\/v2\/pages\/264","targetHints":{"allow":["GET"]}}],"collection":[{"href":"https:\/\/demo.carvalhoeximenesadvogados.com\/index.php?rest_route=\/wp\/v2\/pages"}],"about":[{"href":"https:\/\/demo.carvalhoeximenesadvogados.com\/index.php?rest_route=\/wp\/v2\/types\/page"}],"author":[{"embeddable":true,"href":"https:\/\/demo.carvalhoeximenesadvogados.com\/index.php?rest_route=\/wp\/v2\/users\/1"}],"replies":[{"embeddable":true,"href":"https:\/\/demo.carvalhoeximenesadvogados.com\/index.php?rest_route=%2Fwp%2Fv2%2Fcomments&post=264"}],"version-history":[{"count":17,"href":"https:\/\/demo.carvalhoeximenesadvogados.com\/index.php?rest_route=\/wp\/v2\/pages\/264\/revisions"}],"predecessor-version":[{"id":571,"href":"https:\/\/demo.carvalhoeximenesadvogados.com\/index.php?rest_route=\/wp\/v2\/pages\/264\/revisions\/571"}],"wp:attachment":[{"href":"https:\/\/demo.carvalhoeximenesadvogados.com\/index.php?rest_route=%2Fwp%2Fv2%2Fmedia&parent=264"}],"curies":[{"name":"wp","href":"https:\/\/api.w.org\/{rel}","templated":true}]}}